{"id":657,"date":"2021-07-14T17:26:35","date_gmt":"2021-07-14T17:26:35","guid":{"rendered":"https:\/\/www.parafiabierzwienna.pl\/?page_id=657"},"modified":"2023-05-28T14:51:55","modified_gmt":"2023-05-28T14:51:55","slug":"inwestycje-i-remonty","status":"publish","type":"page","link":"https:\/\/www.parafiabierzwienna.pl\/?page_id=657","title":{"rendered":"Inwestycje i remonty"},"content":{"rendered":"\n<figure class=\"wp-block-image size-large\"><img loading=\"lazy\" decoding=\"async\" width=\"1024\" height=\"768\" src=\"https:\/\/www.parafiabierzwienna.pl\/wp-content\/uploads\/2023\/05\/IMG_20230506_161047-1024x768.jpg\" alt=\"\" class=\"wp-image-1041\" srcset=\"https:\/\/www.parafiabierzwienna.pl\/wp-content\/uploads\/2023\/05\/IMG_20230506_161047-1024x768.jpg 1024w, https:\/\/www.parafiabierzwienna.pl\/wp-content\/uploads\/2023\/05\/IMG_20230506_161047-300x225.jpg 300w, https:\/\/www.parafiabierzwienna.pl\/wp-content\/uploads\/2023\/05\/IMG_20230506_161047-768x576.jpg 768w, https:\/\/www.parafiabierzwienna.pl\/wp-content\/uploads\/2023\/05\/IMG_20230506_161047-1536x1152.jpg 1536w, https:\/\/www.parafiabierzwienna.pl\/wp-content\/uploads\/2023\/05\/IMG_20230506_161047-2048x1536.jpg 2048w\" sizes=\"(max-width: 1024px) 100vw, 1024px\" \/><figcaption>Nowe okna w zakrystii<\/figcaption><\/figure>\n\n\n\n<figure class=\"wp-block-image size-large\"><img loading=\"lazy\" decoding=\"async\" width=\"1024\" height=\"768\" src=\"https:\/\/www.parafiabierzwienna.pl\/wp-content\/uploads\/2023\/05\/IMG20230527142735-1-1024x768.jpg\" alt=\"\" class=\"wp-image-1043\" srcset=\"https:\/\/www.parafiabierzwienna.pl\/wp-content\/uploads\/2023\/05\/IMG20230527142735-1-1024x768.jpg 1024w, https:\/\/www.parafiabierzwienna.pl\/wp-content\/uploads\/2023\/05\/IMG20230527142735-1-300x225.jpg 300w, https:\/\/www.parafiabierzwienna.pl\/wp-content\/uploads\/2023\/05\/IMG20230527142735-1-768x576.jpg 768w, https:\/\/www.parafiabierzwienna.pl\/wp-content\/uploads\/2023\/05\/IMG20230527142735-1-1536x1152.jpg 1536w, https:\/\/www.parafiabierzwienna.pl\/wp-content\/uploads\/2023\/05\/IMG20230527142735-1-2048x1536.jpg 2048w\" sizes=\"(max-width: 1024px) 100vw, 1024px\" \/><figcaption>Nowa kostka wok\u00f3\u0142 ko\u015bcio\u0142a <\/figcaption><\/figure>\n\n\nngg_shortcode_0_placeholder","protected":false},"excerpt":{"rendered":"","protected":false},"author":1,"featured_media":0,"parent":0,"menu_order":0,"comment_status":"closed","ping_status":"closed","template":"","meta":{"ngg_post_thumbnail":0,"footnotes":""},"class_list":["entry","page","publish","author-admin","post-657"],"_links":{"self":[{"href":"https:\/\/www.parafiabierzwienna.pl\/index.php?rest_route=\/wp\/v2\/pages\/657"}],"collection":[{"href":"https:\/\/www.parafiabierzwienna.pl\/index.php?rest_route=\/wp\/v2\/pages"}],"about":[{"href":"https:\/\/www.parafiabierzwienna.pl\/index.php?rest_route=\/wp\/v2\/types\/page"}],"author":[{"embeddable":true,"href":"https:\/\/www.parafiabierzwienna.pl\/index.php?rest_route=\/wp\/v2\/users\/1"}],"replies":[{"embeddable":true,"href":"https:\/\/www.parafiabierzwienna.pl\/index.php?rest_route=%2Fwp%2Fv2%2Fcomments&post=657"}],"version-history":[{"count":2,"href":"https:\/\/www.parafiabierzwienna.pl\/index.php?rest_route=\/wp\/v2\/pages\/657\/revisions"}],"predecessor-version":[{"id":1044,"href":"https:\/\/www.parafiabierzwienna.pl\/index.php?rest_route=\/wp\/v2\/pages\/657\/revisions\/1044"}],"wp:attachment":[{"href":"https:\/\/www.parafiabierzwienna.pl\/index.php?rest_route=%2Fwp%2Fv2%2Fmedia&parent=657"}],"curies":[{"name":"wp","href":"https:\/\/api.w.org\/{rel}","templated":true}]}}