{"id":24,"date":"2020-04-09T01:01:00","date_gmt":"2020-04-09T01:01:00","guid":{"rendered":"https:\/\/www.parafiabierzwienna.pl\/?page_id=24"},"modified":"2026-04-12T19:01:52","modified_gmt":"2026-04-12T19:01:52","slug":"strona-glowna","status":"publish","type":"page","link":"https:\/\/www.parafiabierzwienna.pl\/","title":{"rendered":"Aktualno\u015bci"},"content":{"rendered":"\n<p><\/p>\n\n\n\n<p><\/p>\n\n\n\n<p><\/p>\n\n\n\n<p><\/p>\n\n\n\n<p><\/p>\n\n\n\n<p><strong>Jak przyj\u0105\u0107 Matk\u0119 Bo\u017c\u0105 w Jej Jasnog\u00f3rskim wizerunku w naszych rodzinach. Obraz Matki Bo\u017cej przebywa 24 godziny w ka\u017cdej rodzinie, kt\u00f3ra pragnie j\u0105 przyj\u0105\u0107. Przej\u0119cie obrazy od jednej rodziny do drugiej b\u0119dzie odbywa\u0107 si\u0119 ka\u017cdego dnia o godz. 19<sup>00<\/sup>. Rodzina, kt\u00f3ra b\u0119dzie przyjmowa\u0142a przychodzi do najbli\u017cszych s\u0105siad\u00f3w &nbsp;&nbsp;&nbsp;&nbsp;&nbsp;i przenosi do swojego domu. Pom\u00f3\u017cmy tak\u017ce tym kt\u00f3rzy sami nie mog\u0105 wyj\u015b\u0107 po Obraz Nawiedzenia. Niech czas Nawiedzenia b\u0119dzie tak\u017ce czasem solidarno\u015bci &nbsp;i pomocy s\u0105siadom. Wraz z obrazem przekazany b\u0119dzie modlitewnik, a tak\u017ce Kronika Nawiedzenia w kt\u00f3rej zapisujemy swoje prze\u017cycia, my\u015bli, intencje, pro\u015bby i podzi\u0119kowania do Matki Bo\u017cej. Czas Nawiedzenia niech b\u0119dzie dniem skupienia &nbsp;&nbsp;i \u015bwi\u0119tem w rodzinie, jest to czas b\u0142ogos\u0142awie\u0144stwa i spotkania z nasz\u0105 Matk\u0105. Przebieg Nawiedzenia: 19<sup>00<\/sup> wniesienie obrazu Matki Bo\u017cej do domu i ustawienie w przygotowanym miejscu: st\u00f3\u0142 nakryty obrusem, dwie \u015bwiece, mo\u017ce by\u0107 gromnica, kwiaty. Pie\u015b\u0144 powitania: O Maryjo witam Ci\u0119. Odczytanie Ewangelii o nawiedzeniu \u015bw. El\u017cbiety (\u0141k 1,39 \u2013 56). Odm\u00f3wienie Sk\u0142ady Apostolskiego (wyznanie wiary). Radosna cz\u0119\u015b\u0107 r\u00f3\u017ca\u0144ca \u015bwi\u0119tego. Wieczorny pacierz ca\u0142ej rodziny. Litania loreta\u0144ska. Je\u015bli jest mo\u017cliwe niech rodzina zasi\u0105dzie wsp\u00f3lnie do kolacji, aby si\u0119 spotka\u0107 przy stole i porozmawia\u0107. 21<sup>00<\/sup> Apel Jasnog\u00f3rski \u2013 mo\u017cna si\u0119 po\u0142\u0105czy\u0107 z Jasn\u0105 G\u00f3r\u0105 w godzinie Apelu Jasnog\u00f3rskiego ( Telewizja TRWAM, Radio Maryja). Zach\u0119cam, aby si\u0119 w\u0142\u0105czy\u0107 do \u015bpiewu Apelu i wys\u0142ucha\u0107 towarzysz\u0105ce mu rozwa\u017canie. Na drugi dzie\u0144 \u2013 poranny pacierz. Mo\u017cna za\u015bpiewa\u0107 Godzinki i odm\u00f3wi\u0107 tajemnice \u015bwiat\u0142a r\u00f3\u017ca\u0144ca \u015bwi\u0119tego. Modlitwa w ci\u0105gu dnia. 12<sup>00<\/sup> Anio\u0142 Pa\u0144ski. Powracaj\u0105 ze szko\u0142y lub pracy odmawiamy kr\u00f3tk\u0105 modlitw\u0119 sami lub wsp\u00f3lnie przed obrazem. 15<sup>00<\/sup> odmawiamy Koronk\u0119 do Mi\u0142osierdzia Bo\u017cego i cz\u0119\u015b\u0107 bolesn\u0105 r\u00f3\u017ca\u0144ca \u015bwi\u0119tego. 18<sup>00<\/sup> na zako\u0144czenie dzi\u0119kujemy za czas Nawiedzenia, wpisujemy nasze intencje do Kroniki Nawiedzenia i rozwa\u017camy tajemnice chwalebn\u0105 r\u00f3\u017ca\u0144ca \u015bwi\u0119tego. Ze \u015bpiewem pie\u015bni Maryjnej oczekujemy s\u0105siad\u00f3w, kt\u00f3rzy przyjd\u0105 po Obraz Matki Bo\u017cej. Witamy si\u0119 z s\u0105siadami chrze\u015bcija\u0144skim pozdrowieniem \u201eNiech b\u0119dzie pochwalony Jezus Chrystus\u201d i przekazujemy Obraz Matki Bo\u017cej Cz\u0119stochowskiej naszym s\u0105siadom. Prosz\u0119 niczym nie dekorowa\u0107 obrazu i nic do niego nie do\u0142\u0105cza\u0107. Po Nawiedzeniu obrazu ca\u0142ej wioski prosz\u0119 o telefon, aby ustali\u0107 przekazanie obrazu do ko\u015bcio\u0142a. W najbli\u017csz\u0105 niedziel\u0119 obraz b\u0119dzie przekazany w \u015bwi\u0105tyni nast\u0119pnej wiosce. Zwracam si\u0119 z serdeczna pro\u015bb\u0105 do so\u0142tys\u00f3w, aby czuwali i koordynowali przebiegiem Nawiedzenia.<\/strong><\/p>\n\n\n\n<figure class=\"wp-block-gallery has-nested-images columns-default is-cropped wp-block-gallery-1 is-layout-flex wp-block-gallery-is-layout-flex\">\n<figure class=\"wp-block-image size-large\"><img loading=\"lazy\" decoding=\"async\" width=\"370\" height=\"500\" data-id=\"1386\" src=\"https:\/\/www.parafiabierzwienna.pl\/wp-content\/uploads\/2024\/08\/Obraz-w-brazowej-ramie.jpg\" alt=\"\" class=\"wp-image-1386\" srcset=\"https:\/\/www.parafiabierzwienna.pl\/wp-content\/uploads\/2024\/08\/Obraz-w-brazowej-ramie.jpg 370w, https:\/\/www.parafiabierzwienna.pl\/wp-content\/uploads\/2024\/08\/Obraz-w-brazowej-ramie-222x300.jpg 222w\" sizes=\"(max-width: 370px) 100vw, 370px\" \/><\/figure>\n<\/figure>\n","protected":false},"excerpt":{"rendered":"<p>Jak przyj\u0105\u0107 Matk\u0119 Bo\u017c\u0105 w Jej Jasnog\u00f3rskim wizerunku w naszych rodzinach. Obraz Matki Bo\u017cej przebywa 24 godziny w ka\u017cdej rodzinie, kt\u00f3ra pragnie j\u0105 przyj\u0105\u0107. Przej\u0119cie obrazy od jednej rodziny do drugiej b\u0119dzie odbywa\u0107 si\u0119 ka\u017cdego dnia o godz. 1900. Rodzina, kt\u00f3ra b\u0119dzie przyjmowa\u0142a przychodzi do najbli\u017cszych s\u0105siad\u00f3w &nbsp;&nbsp;&nbsp;&nbsp;&nbsp;i przenosi do swojego domu. Pom\u00f3\u017cmy tak\u017ce tym &#8230; <span class=\"more\"><a class=\"more-link\" href=\"https:\/\/www.parafiabierzwienna.pl\/\">[Read more&#8230;]<\/a><\/span><\/p>\n","protected":false},"author":1,"featured_media":0,"parent":0,"menu_order":0,"comment_status":"closed","ping_status":"closed","template":"","meta":{"ngg_post_thumbnail":0,"footnotes":""},"class_list":["entry","page","publish","author-admin","post-24"],"_links":{"self":[{"href":"https:\/\/www.parafiabierzwienna.pl\/index.php?rest_route=\/wp\/v2\/pages\/24"}],"collection":[{"href":"https:\/\/www.parafiabierzwienna.pl\/index.php?rest_route=\/wp\/v2\/pages"}],"about":[{"href":"https:\/\/www.parafiabierzwienna.pl\/index.php?rest_route=\/wp\/v2\/types\/page"}],"author":[{"embeddable":true,"href":"https:\/\/www.parafiabierzwienna.pl\/index.php?rest_route=\/wp\/v2\/users\/1"}],"replies":[{"embeddable":true,"href":"https:\/\/www.parafiabierzwienna.pl\/index.php?rest_route=%2Fwp%2Fv2%2Fcomments&post=24"}],"version-history":[{"count":132,"href":"https:\/\/www.parafiabierzwienna.pl\/index.php?rest_route=\/wp\/v2\/pages\/24\/revisions"}],"predecessor-version":[{"id":1891,"href":"https:\/\/www.parafiabierzwienna.pl\/index.php?rest_route=\/wp\/v2\/pages\/24\/revisions\/1891"}],"wp:attachment":[{"href":"https:\/\/www.parafiabierzwienna.pl\/index.php?rest_route=%2Fwp%2Fv2%2Fmedia&parent=24"}],"curies":[{"name":"wp","href":"https:\/\/api.w.org\/{rel}","templated":true}]}}