{"id":20,"date":"2020-04-09T19:14:31","date_gmt":"2020-04-09T19:14:31","guid":{"rendered":"https:\/\/www.parafiabierzwienna.pl\/?page_id=20"},"modified":"2026-02-18T17:55:47","modified_gmt":"2026-02-18T17:55:47","slug":"kancelaria","status":"publish","type":"page","link":"https:\/\/www.parafiabierzwienna.pl\/?page_id=20","title":{"rendered":"KANCELARIA"},"content":{"rendered":"\n<!--nextpage-->\n\n\n\n<p class=\"has-medium-font-size\"><strong>Godziny urz\u0119dowania Kancelarii<\/strong>:<br><br><span style=\"text-decoration: underline;\">Dni powszednie:<\/span><br><strong>-od poniedzia\u0142ku do pi\u0105tku po Mszy \u015bw. <\/strong><br><br><\/p>\n\n\n\n<p class=\"has-medium-font-size\"><strong>Odpusty Parafialne<\/strong>:<br><br>&#8211; \u015aw. Dominika &#8211; Niedziela po 8 Sierpnia<\/p>\n\n\n\n<p><strong>Pogrzeb<\/strong><\/p>\n\n\n\n<p>1. O \u015bmierci nale\u017cy powiadomi\u0107 miejscowych duszpasterzy<\/p>\n\n\n\n<p>2. Rodzina powinna zadba\u0107 o to, aby chory pojedna\u0142 si\u0119 z Bogiem przed \u015bmierci\u0105 \u2013 nie odk\u0142ada\u0107 przyj\u0119cia sakramentu chorych na ostatni\u0105 chwil\u0119 bo jest to sakrament dla \u017cyj\u0105cych, umacnia w cierpieniu i toruje drog\u0119 do nieba<\/p>\n\n\n\n<p>3. Akt zgonu z USC (po wpisaniu do ksi\u0119gi zmar\u0142ych w parafii do zwrotu),<br>a tak\u017ce karta zgonu jako dokument konieczny do pochowania na parafialnym cmentarzu (cz\u0119\u015b\u0107 przeznaczona dla administracji cmentarza)<\/p>\n\n\n\n<p>4. Dokument potwierdzaj\u0105cy przyj\u0119cie sakramentu chorych (je\u017celi zmar\u0142y przyj\u0105\u0142)<\/p>\n\n\n\n<p><strong>\u015alub<\/strong><\/p>\n\n\n\n<p>Sakrament Ma\u0142\u017ce\u0144stwa w naszej parafii udzielany jest w soboty w godzinach popo\u0142udniowych. Narzeczeni co najmniej trzy miesi\u0105ce przed planowanym terminem zawarcia sakramentu ma\u0142\u017ce\u0144stwa zg\u0142aszaj\u0105 si\u0119 do kancelarii parafialnej celem ustalenia terminu spisania protoko\u0142u przed\u015blubnego i wype\u0142nienia innych formalno\u015bci. Spisanie protoko\u0142u przed\u015blubnego jest zasadnicz\u0105 czynno\u015bci\u0105 w formalnym przygotowaniu do ma\u0142\u017ce\u0144stwa.<\/p>\n\n\n\n<p>Dokumenty potrzebne do sporz\u0105dzenia protoko\u0142u badania kanonicznego narzeczonych:<\/p>\n\n\n\n<p>-Metryka chrztu \/data wystawienia nie p\u00f3\u017aniej ni\u017c 6 miesi\u0119cy do terminu zawarcia ma\u0142\u017ce\u0144stwa\/<br>-\u015awiadectwo przyj\u0119cia sakramentu bierzmowania<br>-\u015awiadectwo \/ostatnie posiadane\/ z ocen\u0105 z nauki religii stwierdzaj\u0105ce znajomo\u015b\u0107 zasad wiary\/xero\/<br>-Za\u015bwiadczenie uko\u0144czenia kursu przedma\u0142\u017ce\u0144skiego<br>-Odbyte poradnictwo rodzinne<br>-Dokument wyg\u0142oszenia zapowiedzi w parafiach narzeczonych<br>-Kartka odbytej dwukrotnie spowiedzi przedma\u0142\u017ce\u0144skiej \/pierwsza spowied\u017a bezpo\u015brednio po spisaniu protoko\u0142u, druga spowied\u017a bezpo\u015brednio w dniach poprzedzaj\u0105cych \u015blub<br>-Dokumenty z USC \u2013 za\u015bwiadczenie stwierdzaj\u0105ce brak okoliczno\u015bci wy\u0142\u0105czaj\u0105cych zawarcie ma\u0142\u017ce\u0144stwa \/dla \u015blubu konkordatowego\/ lub Odpis skr\u00f3cony Aktu Ma\u0142\u017ce\u0144stwa stwierdzaj\u0105cy zawarcie zwi\u0105zku cywilno-prawnego \/orygina\u0142\/<br>-Dow\u00f3d osobisty<\/p>\n\n\n\n<p><strong>Chrzest<\/strong><\/p>\n\n\n\n<p>Niezb\u0119dne dokumenty to:<\/p>\n\n\n\n<p>-wyci\u0105g aktu urodzenia dziecka z USC,<br>-dane o rodzicach chrzestnych (imiona, nazwiska, wiek, dok\u0142adny adres)<br>-za\u015bwiadczenie z parafii zamieszkania rodzic\u00f3w chrzestnych o praktykowaniu wiary.<\/p>\n\n\n\n<p>Chrzestnym mo\u017ce by\u0107 ten, kto:<\/p>\n\n\n\n<p>-jest wyznaczony przez przyjmuj\u0105cego chrzest albo przez jego rodzic\u00f3w, albo przez tego, kto ich zast\u0119puje, a gdy ich nie ma przez proboszcza lub szafarza chrztu, i posiada wymagane do tego kwalifikacje oraz intencj\u0119 pe\u0142nienia tego zadania<\/p>\n\n\n\n<p>-uko\u0144czy\u0142 16 lat, chyba \u017ce biskup diecezjalny okre\u015bli\u0142 inny wiek albo proboszcz lub szafarz jest zdania, \u017ce s\u0142uszna przyczyna zaleca dopuszczenie wyj\u0105tku<\/p>\n\n\n\n<p>-jest wierz\u0105cym i praktykuj\u0105cym katolikiem, bierzmowanym oraz prowadzi \u017cycie zgodne z wiar\u0105 i odpowiadaj\u0105ce funkcji, jak\u0105 ma pe\u0142ni\u0107<\/p>\n\n\n\n<p>-jest wolny od jakiejkolwiek kary kanonicznej, zgodnie z prawem wymierzonej lub deklarowanej<\/p>\n\n\n\n<p>-nie jest ojcem lub matk\u0105 przyjmuj\u0105cego chrzest<\/p>\n\n\n\n<p>Chrzestni nie b\u0119d\u0105cy naszymi parafianami zobowi\u0105zani s\u0105 przedstawi\u0107 za\u015bwiadczenie ze swojej parafii o mo\u017cliwo\u015bci pe\u0142nienia tej godno\u015bci. W dniu uroczysto\u015bci prosimy o przybycie przynajmniej 15 minut przed rozpocz\u0119ciem Mszy \u015bw. Rodzice i chrzestni powinni w czasie chrztu dziecka przyst\u0105pi\u0107 do Komunii \u015bwi\u0119tej.<\/p>\n","protected":false},"excerpt":{"rendered":"<p>Godziny urz\u0119dowania Kancelarii: Dni powszednie:-od poniedzia\u0142ku do pi\u0105tku po Mszy \u015bw. Odpusty Parafialne: &#8211; \u015aw. Dominika &#8211; Niedziela po 8 Sierpnia Pogrzeb 1. O \u015bmierci nale\u017cy powiadomi\u0107 miejscowych duszpasterzy 2. Rodzina powinna zadba\u0107 o to, aby chory pojedna\u0142 si\u0119 z Bogiem przed \u015bmierci\u0105 \u2013 nie odk\u0142ada\u0107 przyj\u0119cia sakramentu chorych na ostatni\u0105 chwil\u0119 bo jest to &#8230; <span class=\"more\"><a class=\"more-link\" href=\"https:\/\/www.parafiabierzwienna.pl\/?page_id=20\">[Read more&#8230;]<\/a><\/span><\/p>\n","protected":false},"author":1,"featured_media":0,"parent":0,"menu_order":0,"comment_status":"closed","ping_status":"closed","template":"","meta":{"ngg_post_thumbnail":0,"footnotes":""},"class_list":["entry","page","publish","author-admin","post-20"],"_links":{"self":[{"href":"https:\/\/www.parafiabierzwienna.pl\/index.php?rest_route=\/wp\/v2\/pages\/20"}],"collection":[{"href":"https:\/\/www.parafiabierzwienna.pl\/index.php?rest_route=\/wp\/v2\/pages"}],"about":[{"href":"https:\/\/www.parafiabierzwienna.pl\/index.php?rest_route=\/wp\/v2\/types\/page"}],"author":[{"embeddable":true,"href":"https:\/\/www.parafiabierzwienna.pl\/index.php?rest_route=\/wp\/v2\/users\/1"}],"replies":[{"embeddable":true,"href":"https:\/\/www.parafiabierzwienna.pl\/index.php?rest_route=%2Fwp%2Fv2%2Fcomments&post=20"}],"version-history":[{"count":14,"href":"https:\/\/www.parafiabierzwienna.pl\/index.php?rest_route=\/wp\/v2\/pages\/20\/revisions"}],"predecessor-version":[{"id":1843,"href":"https:\/\/www.parafiabierzwienna.pl\/index.php?rest_route=\/wp\/v2\/pages\/20\/revisions\/1843"}],"wp:attachment":[{"href":"https:\/\/www.parafiabierzwienna.pl\/index.php?rest_route=%2Fwp%2Fv2%2Fmedia&parent=20"}],"curies":[{"name":"wp","href":"https:\/\/api.w.org\/{rel}","templated":true}]}}